{"id":773,"date":"2025-02-16T17:18:45","date_gmt":"2025-02-16T16:18:45","guid":{"rendered":"https:\/\/www.methode-du-contour.fr\/?page_id=773"},"modified":"2025-02-16T18:23:58","modified_gmt":"2025-02-16T17:23:58","slug":"expansion-de-trou","status":"publish","type":"page","link":"https:\/\/www.methode-du-contour.fr\/index.php\/expansion-de-trou\/","title":{"rendered":"Expansion de trou"},"content":{"rendered":"\t\t<div data-elementor-type=\"wp-page\" data-elementor-id=\"773\" class=\"elementor elementor-773\" data-elementor-post-type=\"page\">\n\t\t\t\t<div class=\"elementor-element elementor-element-b1e9de7 e-flex e-con-boxed e-con e-parent\" data-id=\"b1e9de7\" data-element_type=\"container\" data-e-type=\"container\">\n\t\t\t\t\t<div class=\"e-con-inner\">\n\t\t<div class=\"elementor-element elementor-element-66dcaf0 e-con-full e-flex e-con e-child\" data-id=\"66dcaf0\" data-element_type=\"container\" data-e-type=\"container\">\n\t\t\t\t<div class=\"elementor-element elementor-element-eb63404 elementor-widget elementor-widget-heading\" data-id=\"eb63404\" data-element_type=\"widget\" data-e-type=\"widget\" data-widget_type=\"heading.default\">\n\t\t\t\t<div class=\"elementor-widget-container\">\n\t\t\t\t\t<h1 class=\"elementor-heading-title elementor-size-default\">Mesure des contraintes r\u00e9siduelles apr\u00e8s proc\u00e9d\u00e9 expansion de trou<\/h1>\t\t\t\t<\/div>\n\t\t\t\t<\/div>\n\t\t\t\t<\/div>\n\t\t\t\t\t<\/div>\n\t\t\t\t<\/div>\n\t\t<div class=\"elementor-element elementor-element-048de92 e-flex e-con-boxed e-con e-parent\" data-id=\"048de92\" data-element_type=\"container\" data-e-type=\"container\">\n\t\t\t\t\t<div class=\"e-con-inner\">\n\t\t<div class=\"elementor-element elementor-element-fca1955 e-con-full e-flex e-con e-child\" data-id=\"fca1955\" data-element_type=\"container\" data-e-type=\"container\">\n\t\t\t\t<div class=\"elementor-element elementor-element-e4619c6 elementor-widget elementor-widget-text-editor\" data-id=\"e4619c6\" data-element_type=\"widget\" data-e-type=\"widget\" data-widget_type=\"text-editor.default\">\n\t\t\t\t<div class=\"elementor-widget-container\">\n\t\t\t\t\t\t\t\t\t<p>Meliad, Capaero et Mat-In-Meca ont mis en \u0153uvre la m\u00e9thode du contour permettant de mesurer la cartographie des contraintes r\u00e9siduelles g\u00e9n\u00e9r\u00e9es dans un al\u00e9sage expans\u00e9 \u00e0 froid.<\/p><p>Cette \u00e9tude montre comment la mesure exp\u00e9rimentale donne une caract\u00e9risation efficace des contraintes r\u00e9siduelles introduites apr\u00e8s l\u2019expansion du trou et permet de s\u2019assurer du niveau de mise en compression g\u00e9n\u00e9r\u00e9 par le proc\u00e9d\u00e9.<\/p><p>Les r\u00e9sultats obtenus et le bilan de cette \u00e9tude pr\u00e9sent\u00e9e lors de la 11e conf\u00e9rence internationale sur les contraintes r\u00e9siduelles \u00e0 Nancy.<\/p><p><a href=\"https:\/\/meliad-sas.com\/images\/pdf\/Poster_Meliad_ICRS_Nancy_2022.pdf\">https:\/\/meliad-sas.com\/images\/pdf\/Poster_Meliad_ICRS_Nancy_2022.pdf<\/a><\/p><p>Mesure des contraintes r\u00e9siduelles par DRX\/M\u00e9thode du trou:<\/p><p><a href=\"https:\/\/www.meliad-sas.com\/fr\/\">https:\/\/www.meliad-sas.com\/fr\/<\/a><\/p><p>R\u00e9alisation du proc\u00e9d\u00e9 expansion \u00e0 froid:<\/p><p><a href=\"https:\/\/www.capaero.com\/\">https:\/\/www.capaero.com\/<\/a><\/p>\t\t\t\t\t\t\t\t<\/div>\n\t\t\t\t<\/div>\n\t\t\t\t<\/div>\n\t\t<div class=\"elementor-element elementor-element-e6d6b85 e-con-full e-flex e-con e-child\" data-id=\"e6d6b85\" data-element_type=\"container\" data-e-type=\"container\">\n\t\t\t\t<div class=\"elementor-element elementor-element-88cbeb9 elementor-widget elementor-widget-image\" data-id=\"88cbeb9\" data-element_type=\"widget\" data-e-type=\"widget\" data-widget_type=\"image.default\">\n\t\t\t\t<div class=\"elementor-widget-container\">\n\t\t\t\t\t\t\t\t\t\t\t\t\t\t\t<img fetchpriority=\"high\" decoding=\"async\" width=\"800\" height=\"465\" src=\"https:\/\/www.methode-du-contour.fr\/wp-content\/uploads\/2025\/02\/Capture-decran-du-2025-02-16-18-11-01.png\" class=\"attachment-large size-large wp-image-822\" alt=\"\" srcset=\"https:\/\/www.methode-du-contour.fr\/wp-content\/uploads\/2025\/02\/Capture-decran-du-2025-02-16-18-11-01.png 849w, https:\/\/www.methode-du-contour.fr\/wp-content\/uploads\/2025\/02\/Capture-decran-du-2025-02-16-18-11-01-300x175.png 300w, https:\/\/www.methode-du-contour.fr\/wp-content\/uploads\/2025\/02\/Capture-decran-du-2025-02-16-18-11-01-768x447.png 768w\" sizes=\"(max-width: 800px) 100vw, 800px\" \/>\t\t\t\t\t\t\t\t\t\t\t\t\t\t\t<\/div>\n\t\t\t\t<\/div>\n\t\t\t\t<div class=\"elementor-element elementor-element-17fe728 elementor-widget elementor-widget-image\" data-id=\"17fe728\" data-element_type=\"widget\" data-e-type=\"widget\" data-widget_type=\"image.default\">\n\t\t\t\t<div class=\"elementor-widget-container\">\n\t\t\t\t\t\t\t\t\t\t\t\t\t\t\t<img decoding=\"async\" width=\"800\" height=\"213\" src=\"https:\/\/www.methode-du-contour.fr\/wp-content\/uploads\/2025\/02\/trou.png\" class=\"attachment-large size-large wp-image-821\" alt=\"\" srcset=\"https:\/\/www.methode-du-contour.fr\/wp-content\/uploads\/2025\/02\/trou.png 915w, https:\/\/www.methode-du-contour.fr\/wp-content\/uploads\/2025\/02\/trou-300x80.png 300w, https:\/\/www.methode-du-contour.fr\/wp-content\/uploads\/2025\/02\/trou-768x205.png 768w\" sizes=\"(max-width: 800px) 100vw, 800px\" \/>\t\t\t\t\t\t\t\t\t\t\t\t\t\t\t<\/div>\n\t\t\t\t<\/div>\n\t\t\t\t<\/div>\n\t\t\t\t\t<\/div>\n\t\t\t\t<\/div>\n\t\t\t\t<\/div>\n\t\t","protected":false},"excerpt":{"rendered":"<p>Mesure des contraintes r\u00e9siduelles apr\u00e8s proc\u00e9d\u00e9 expansion de trou Meliad, Capaero et Mat-In-Meca ont mis en \u0153uvre la m\u00e9thode du contour permettant de mesurer la cartographie des contraintes r\u00e9siduelles g\u00e9n\u00e9r\u00e9es dans un al\u00e9sage expans\u00e9 \u00e0 froid. Cette \u00e9tude montre comment la mesure exp\u00e9rimentale donne une caract\u00e9risation efficace des contraintes r\u00e9siduelles introduites apr\u00e8s l\u2019expansion du trou [&hellip;]<\/p>\n","protected":false},"author":1,"featured_media":0,"parent":0,"menu_order":0,"comment_status":"closed","ping_status":"closed","template":"","meta":{"footnotes":""},"class_list":["post-773","page","type-page","status-publish","hentry"],"yoast_head":"<!-- This site is optimized with the Yoast SEO plugin v24.6 - https:\/\/yoast.com\/wordpress\/plugins\/seo\/ -->\n<title>Expansion de trou - Mesure des Contraintes R\u00e9siduelles avec la M\u00e9thode du Contour<\/title>\n<meta name=\"robots\" content=\"index, follow, max-snippet:-1, max-image-preview:large, max-video-preview:-1\" \/>\n<link rel=\"canonical\" href=\"https:\/\/www.methode-du-contour.fr\/index.php\/expansion-de-trou\/\" \/>\n<meta property=\"og:locale\" content=\"en_US\" \/>\n<meta property=\"og:type\" content=\"article\" \/>\n<meta property=\"og:title\" content=\"Expansion de trou - Mesure des Contraintes R\u00e9siduelles avec la M\u00e9thode du Contour\" \/>\n<meta property=\"og:description\" content=\"Mesure des contraintes r\u00e9siduelles apr\u00e8s proc\u00e9d\u00e9 expansion de trou Meliad, Capaero et Mat-In-Meca ont mis en \u0153uvre la m\u00e9thode du contour permettant de mesurer la cartographie des contraintes r\u00e9siduelles g\u00e9n\u00e9r\u00e9es dans un al\u00e9sage expans\u00e9 \u00e0 froid. Cette \u00e9tude montre comment la mesure exp\u00e9rimentale donne une caract\u00e9risation efficace des contraintes r\u00e9siduelles introduites apr\u00e8s l\u2019expansion du trou [&hellip;]\" \/>\n<meta property=\"og:url\" content=\"https:\/\/www.methode-du-contour.fr\/index.php\/expansion-de-trou\/\" \/>\n<meta property=\"og:site_name\" content=\"Mesure des Contraintes R\u00e9siduelles avec la M\u00e9thode du Contour\" \/>\n<meta property=\"article:modified_time\" content=\"2025-02-16T17:23:58+00:00\" \/>\n<meta property=\"og:image\" content=\"https:\/\/www.methode-du-contour.fr\/wp-content\/uploads\/2025\/02\/Capture-decran-du-2025-02-16-18-11-01.png\" \/>\n\t<meta property=\"og:image:width\" content=\"849\" \/>\n\t<meta property=\"og:image:height\" content=\"494\" \/>\n\t<meta property=\"og:image:type\" content=\"image\/png\" \/>\n<meta name=\"twitter:card\" content=\"summary_large_image\" \/>\n<meta name=\"twitter:label1\" content=\"Est. reading time\" \/>\n\t<meta name=\"twitter:data1\" content=\"1 minute\" \/>\n<script type=\"application\/ld+json\" class=\"yoast-schema-graph\">{\"@context\":\"https:\/\/schema.org\",\"@graph\":[{\"@type\":\"WebPage\",\"@id\":\"https:\/\/www.methode-du-contour.fr\/index.php\/expansion-de-trou\/\",\"url\":\"https:\/\/www.methode-du-contour.fr\/index.php\/expansion-de-trou\/\",\"name\":\"Expansion de trou - Mesure des Contraintes R\u00e9siduelles avec la M\u00e9thode du Contour\",\"isPartOf\":{\"@id\":\"https:\/\/www.methode-du-contour.fr\/#website\"},\"primaryImageOfPage\":{\"@id\":\"https:\/\/www.methode-du-contour.fr\/index.php\/expansion-de-trou\/#primaryimage\"},\"image\":{\"@id\":\"https:\/\/www.methode-du-contour.fr\/index.php\/expansion-de-trou\/#primaryimage\"},\"thumbnailUrl\":\"https:\/\/www.methode-du-contour.fr\/wp-content\/uploads\/2025\/02\/Capture-decran-du-2025-02-16-18-11-01.png\",\"datePublished\":\"2025-02-16T16:18:45+00:00\",\"dateModified\":\"2025-02-16T17:23:58+00:00\",\"breadcrumb\":{\"@id\":\"https:\/\/www.methode-du-contour.fr\/index.php\/expansion-de-trou\/#breadcrumb\"},\"inLanguage\":\"en-US\",\"potentialAction\":[{\"@type\":\"ReadAction\",\"target\":[\"https:\/\/www.methode-du-contour.fr\/index.php\/expansion-de-trou\/\"]}]},{\"@type\":\"ImageObject\",\"inLanguage\":\"en-US\",\"@id\":\"https:\/\/www.methode-du-contour.fr\/index.php\/expansion-de-trou\/#primaryimage\",\"url\":\"https:\/\/www.methode-du-contour.fr\/wp-content\/uploads\/2025\/02\/Capture-decran-du-2025-02-16-18-11-01.png\",\"contentUrl\":\"https:\/\/www.methode-du-contour.fr\/wp-content\/uploads\/2025\/02\/Capture-decran-du-2025-02-16-18-11-01.png\",\"width\":849,\"height\":494},{\"@type\":\"BreadcrumbList\",\"@id\":\"https:\/\/www.methode-du-contour.fr\/index.php\/expansion-de-trou\/#breadcrumb\",\"itemListElement\":[{\"@type\":\"ListItem\",\"position\":1,\"name\":\"Home\",\"item\":\"https:\/\/www.methode-du-contour.fr\/\"},{\"@type\":\"ListItem\",\"position\":2,\"name\":\"Expansion de trou\"}]},{\"@type\":\"WebSite\",\"@id\":\"https:\/\/www.methode-du-contour.fr\/#website\",\"url\":\"https:\/\/www.methode-du-contour.fr\/\",\"name\":\"Mesure des Contraintes R\u00e9siduelles avec la M\u00e9thode du Contour\",\"description\":\"Une m\u00e9thode pr\u00e9cise, fiable et compl\u00e8te pour vos besoins industriels\",\"potentialAction\":[{\"@type\":\"SearchAction\",\"target\":{\"@type\":\"EntryPoint\",\"urlTemplate\":\"https:\/\/www.methode-du-contour.fr\/?s={search_term_string}\"},\"query-input\":{\"@type\":\"PropertyValueSpecification\",\"valueRequired\":true,\"valueName\":\"search_term_string\"}}],\"inLanguage\":\"en-US\"}]}<\/script>\n<!-- \/ Yoast SEO plugin. -->","yoast_head_json":{"title":"Expansion de trou - Mesure des Contraintes R\u00e9siduelles avec la M\u00e9thode du Contour","robots":{"index":"index","follow":"follow","max-snippet":"max-snippet:-1","max-image-preview":"max-image-preview:large","max-video-preview":"max-video-preview:-1"},"canonical":"https:\/\/www.methode-du-contour.fr\/index.php\/expansion-de-trou\/","og_locale":"en_US","og_type":"article","og_title":"Expansion de trou - Mesure des Contraintes R\u00e9siduelles avec la M\u00e9thode du Contour","og_description":"Mesure des contraintes r\u00e9siduelles apr\u00e8s proc\u00e9d\u00e9 expansion de trou Meliad, Capaero et Mat-In-Meca ont mis en \u0153uvre la m\u00e9thode du contour permettant de mesurer la cartographie des contraintes r\u00e9siduelles g\u00e9n\u00e9r\u00e9es dans un al\u00e9sage expans\u00e9 \u00e0 froid. Cette \u00e9tude montre comment la mesure exp\u00e9rimentale donne une caract\u00e9risation efficace des contraintes r\u00e9siduelles introduites apr\u00e8s l\u2019expansion du trou [&hellip;]","og_url":"https:\/\/www.methode-du-contour.fr\/index.php\/expansion-de-trou\/","og_site_name":"Mesure des Contraintes R\u00e9siduelles avec la M\u00e9thode du Contour","article_modified_time":"2025-02-16T17:23:58+00:00","og_image":[{"width":849,"height":494,"url":"https:\/\/www.methode-du-contour.fr\/wp-content\/uploads\/2025\/02\/Capture-decran-du-2025-02-16-18-11-01.png","type":"image\/png"}],"twitter_card":"summary_large_image","twitter_misc":{"Est. reading time":"1 minute"},"schema":{"@context":"https:\/\/schema.org","@graph":[{"@type":"WebPage","@id":"https:\/\/www.methode-du-contour.fr\/index.php\/expansion-de-trou\/","url":"https:\/\/www.methode-du-contour.fr\/index.php\/expansion-de-trou\/","name":"Expansion de trou - Mesure des Contraintes R\u00e9siduelles avec la M\u00e9thode du Contour","isPartOf":{"@id":"https:\/\/www.methode-du-contour.fr\/#website"},"primaryImageOfPage":{"@id":"https:\/\/www.methode-du-contour.fr\/index.php\/expansion-de-trou\/#primaryimage"},"image":{"@id":"https:\/\/www.methode-du-contour.fr\/index.php\/expansion-de-trou\/#primaryimage"},"thumbnailUrl":"https:\/\/www.methode-du-contour.fr\/wp-content\/uploads\/2025\/02\/Capture-decran-du-2025-02-16-18-11-01.png","datePublished":"2025-02-16T16:18:45+00:00","dateModified":"2025-02-16T17:23:58+00:00","breadcrumb":{"@id":"https:\/\/www.methode-du-contour.fr\/index.php\/expansion-de-trou\/#breadcrumb"},"inLanguage":"en-US","potentialAction":[{"@type":"ReadAction","target":["https:\/\/www.methode-du-contour.fr\/index.php\/expansion-de-trou\/"]}]},{"@type":"ImageObject","inLanguage":"en-US","@id":"https:\/\/www.methode-du-contour.fr\/index.php\/expansion-de-trou\/#primaryimage","url":"https:\/\/www.methode-du-contour.fr\/wp-content\/uploads\/2025\/02\/Capture-decran-du-2025-02-16-18-11-01.png","contentUrl":"https:\/\/www.methode-du-contour.fr\/wp-content\/uploads\/2025\/02\/Capture-decran-du-2025-02-16-18-11-01.png","width":849,"height":494},{"@type":"BreadcrumbList","@id":"https:\/\/www.methode-du-contour.fr\/index.php\/expansion-de-trou\/#breadcrumb","itemListElement":[{"@type":"ListItem","position":1,"name":"Home","item":"https:\/\/www.methode-du-contour.fr\/"},{"@type":"ListItem","position":2,"name":"Expansion de trou"}]},{"@type":"WebSite","@id":"https:\/\/www.methode-du-contour.fr\/#website","url":"https:\/\/www.methode-du-contour.fr\/","name":"Mesure des Contraintes R\u00e9siduelles avec la M\u00e9thode du Contour","description":"Une m\u00e9thode pr\u00e9cise, fiable et compl\u00e8te pour vos besoins industriels","potentialAction":[{"@type":"SearchAction","target":{"@type":"EntryPoint","urlTemplate":"https:\/\/www.methode-du-contour.fr\/?s={search_term_string}"},"query-input":{"@type":"PropertyValueSpecification","valueRequired":true,"valueName":"search_term_string"}}],"inLanguage":"en-US"}]}},"_links":{"self":[{"href":"https:\/\/www.methode-du-contour.fr\/index.php\/wp-json\/wp\/v2\/pages\/773","targetHints":{"allow":["GET"]}}],"collection":[{"href":"https:\/\/www.methode-du-contour.fr\/index.php\/wp-json\/wp\/v2\/pages"}],"about":[{"href":"https:\/\/www.methode-du-contour.fr\/index.php\/wp-json\/wp\/v2\/types\/page"}],"author":[{"embeddable":true,"href":"https:\/\/www.methode-du-contour.fr\/index.php\/wp-json\/wp\/v2\/users\/1"}],"replies":[{"embeddable":true,"href":"https:\/\/www.methode-du-contour.fr\/index.php\/wp-json\/wp\/v2\/comments?post=773"}],"version-history":[{"count":10,"href":"https:\/\/www.methode-du-contour.fr\/index.php\/wp-json\/wp\/v2\/pages\/773\/revisions"}],"predecessor-version":[{"id":841,"href":"https:\/\/www.methode-du-contour.fr\/index.php\/wp-json\/wp\/v2\/pages\/773\/revisions\/841"}],"wp:attachment":[{"href":"https:\/\/www.methode-du-contour.fr\/index.php\/wp-json\/wp\/v2\/media?parent=773"}],"curies":[{"name":"wp","href":"https:\/\/api.w.org\/{rel}","templated":true}]}}