{"id":715,"date":"2025-02-16T16:07:40","date_gmt":"2025-02-16T15:07:40","guid":{"rendered":"https:\/\/www.methode-du-contour.fr\/?page_id=715"},"modified":"2025-03-17T19:06:18","modified_gmt":"2025-03-17T18:06:18","slug":"a-propos-de-mat-in-meca","status":"publish","type":"page","link":"https:\/\/www.methode-du-contour.fr\/index.php\/a-propos-de-mat-in-meca\/","title":{"rendered":"A propos de Mat-In-M\u00e9ca"},"content":{"rendered":"\t\t<div data-elementor-type=\"wp-page\" data-elementor-id=\"715\" class=\"elementor elementor-715\" data-elementor-post-type=\"page\">\n\t\t\t\t<div class=\"elementor-element elementor-element-94a557d e-flex e-con-boxed e-con e-parent\" data-id=\"94a557d\" data-element_type=\"container\" data-e-type=\"container\">\n\t\t\t\t\t<div class=\"e-con-inner\">\n\t\t<div class=\"elementor-element elementor-element-eb4252d e-con-full e-flex e-con e-child\" data-id=\"eb4252d\" data-element_type=\"container\" data-e-type=\"container\">\n\t\t\t\t<div class=\"elementor-element elementor-element-8e65878 elementor-widget elementor-widget-text-editor\" data-id=\"8e65878\" data-element_type=\"widget\" data-e-type=\"widget\" data-widget_type=\"text-editor.default\">\n\t\t\t\t<div class=\"elementor-widget-container\">\n\t\t\t\t\t\t\t\t\t<h1>La M\u00e9thode du Contour, une prestation de la soci\u00e9t\u00e9 Mat-In-M\u00e9ca<\/h1>\t\t\t\t\t\t\t\t<\/div>\n\t\t\t\t<\/div>\n\t\t\t\t<\/div>\n\t\t<div class=\"elementor-element elementor-element-e796db6 e-con-full e-flex e-con e-child\" data-id=\"e796db6\" data-element_type=\"container\" data-e-type=\"container\">\n\t\t\t\t<div class=\"elementor-element elementor-element-3e3b69c elementor-widget elementor-widget-text-editor\" data-id=\"3e3b69c\" data-element_type=\"widget\" data-e-type=\"widget\" data-widget_type=\"text-editor.default\">\n\t\t\t\t<div class=\"elementor-widget-container\">\n\t\t\t\t\t\t\t\t\t<h2>La m\u00e9thode du contour en France depuis 2019<\/h2>\t\t\t\t\t\t\t\t<\/div>\n\t\t\t\t<\/div>\n\t\t\t\t<\/div>\n\t\t<div class=\"elementor-element elementor-element-a404958 e-con-full e-flex e-con e-child\" data-id=\"a404958\" data-element_type=\"container\" data-e-type=\"container\">\n\t\t\t\t<div class=\"elementor-element elementor-element-9083be8 elementor-widget elementor-widget-text-editor\" data-id=\"9083be8\" data-element_type=\"widget\" data-e-type=\"widget\" data-widget_type=\"text-editor.default\">\n\t\t\t\t<div class=\"elementor-widget-container\">\n\t\t\t\t\t\t\t\t\t<h2>Mat-In-M\u00e9ca, conseils et expertise en m\u00e9tallurgie et proc\u00e9d\u00e9s<\/h2>\t\t\t\t\t\t\t\t<\/div>\n\t\t\t\t<\/div>\n\t\t\t\t<\/div>\n\t\t<div class=\"elementor-element elementor-element-8fb2a94 e-con-full e-flex e-con e-child\" data-id=\"8fb2a94\" data-element_type=\"container\" data-e-type=\"container\">\n\t\t\t\t<div class=\"elementor-element elementor-element-3e2f560 elementor-widget elementor-widget-text-editor\" data-id=\"3e2f560\" data-element_type=\"widget\" data-e-type=\"widget\" data-widget_type=\"text-editor.default\">\n\t\t\t\t<div class=\"elementor-widget-container\">\n\t\t\t\t\t\t\t\t\t<div class=\"text-column\"><p>Pionni\u00e8re en France pour le calcul des contraintes r\u00e9siduelles par la m\u00e9thode du Contour, Mat-In-M\u00e9ca accompagne clients acad\u00e9miques et industriels dans leurs projets de recherche.<\/p><p>Avec ses deux experts aux comp\u00e9tences compl\u00e9mentaires, le laboratoire prend en compte toutes les bonnes pratiques et avanc\u00e9es scientifiques et collabore avec des partenaires acad\u00e9miques dans le cadre de publications.<\/p><\/div>\t\t\t\t\t\t\t\t<\/div>\n\t\t\t\t<\/div>\n\t\t\t\t<\/div>\n\t\t<div class=\"elementor-element elementor-element-eeba9bf e-con-full e-flex e-con e-child\" data-id=\"eeba9bf\" data-element_type=\"container\" data-e-type=\"container\">\n\t\t\t\t<div class=\"elementor-element elementor-element-343b965 elementor-icon-list--layout-traditional elementor-list-item-link-full_width elementor-widget elementor-widget-icon-list\" data-id=\"343b965\" data-element_type=\"widget\" data-e-type=\"widget\" data-widget_type=\"icon-list.default\">\n\t\t\t\t<div class=\"elementor-widget-container\">\n\t\t\t\t\t\t\t<ul class=\"elementor-icon-list-items\">\n\t\t\t\t\t\t\t<li class=\"elementor-icon-list-item\">\n\t\t\t\t\t\t\t\t\t\t\t<span class=\"elementor-icon-list-icon\">\n\t\t\t\t\t\t\t<svg aria-hidden=\"true\" class=\"e-font-icon-svg e-fas-industry\" viewBox=\"0 0 512 512\" xmlns=\"http:\/\/www.w3.org\/2000\/svg\"><path d=\"M475.115 163.781L336 252.309v-68.28c0-18.916-20.931-30.399-36.885-20.248L160 252.309V56c0-13.255-10.745-24-24-24H24C10.745 32 0 42.745 0 56v400c0 13.255 10.745 24 24 24h464c13.255 0 24-10.745 24-24V184.029c0-18.917-20.931-30.399-36.885-20.248z\"><\/path><\/svg>\t\t\t\t\t\t<\/span>\n\t\t\t\t\t\t\t\t\t\t<span class=\"elementor-icon-list-text\">20+ Clients industriels (secteur a\u00e9ronautique, naval, ...)<\/span>\n\t\t\t\t\t\t\t\t\t<\/li>\n\t\t\t\t\t\t\t\t<li class=\"elementor-icon-list-item\">\n\t\t\t\t\t\t\t\t\t\t\t<span class=\"elementor-icon-list-icon\">\n\t\t\t\t\t\t\t<svg aria-hidden=\"true\" class=\"e-font-icon-svg e-fas-university\" viewBox=\"0 0 512 512\" xmlns=\"http:\/\/www.w3.org\/2000\/svg\"><path d=\"M496 128v16a8 8 0 0 1-8 8h-24v12c0 6.627-5.373 12-12 12H60c-6.627 0-12-5.373-12-12v-12H24a8 8 0 0 1-8-8v-16a8 8 0 0 1 4.941-7.392l232-88a7.996 7.996 0 0 1 6.118 0l232 88A8 8 0 0 1 496 128zm-24 304H40c-13.255 0-24 10.745-24 24v16a8 8 0 0 0 8 8h464a8 8 0 0 0 8-8v-16c0-13.255-10.745-24-24-24zM96 192v192H60c-6.627 0-12 5.373-12 12v20h416v-20c0-6.627-5.373-12-12-12h-36V192h-64v192h-64V192h-64v192h-64V192H96z\"><\/path><\/svg>\t\t\t\t\t\t<\/span>\n\t\t\t\t\t\t\t\t\t\t<span class=\"elementor-icon-list-text\">5+ clients dans la recherche acad\u00e9mique \/ p\u00f4les de recherche R&amp;D<\/span>\n\t\t\t\t\t\t\t\t\t<\/li>\n\t\t\t\t\t\t\t\t<li class=\"elementor-icon-list-item\">\n\t\t\t\t\t\t\t\t\t\t\t<span class=\"elementor-icon-list-icon\">\n\t\t\t\t\t\t\t<svg aria-hidden=\"true\" class=\"e-font-icon-svg e-fas-map\" viewBox=\"0 0 576 512\" xmlns=\"http:\/\/www.w3.org\/2000\/svg\"><path d=\"M0 117.66v346.32c0 11.32 11.43 19.06 21.94 14.86L160 416V32L20.12 87.95A32.006 32.006 0 0 0 0 117.66zM192 416l192 64V96L192 32v384zM554.06 33.16L416 96v384l139.88-55.95A31.996 31.996 0 0 0 576 394.34V48.02c0-11.32-11.43-19.06-21.94-14.86z\"><\/path><\/svg>\t\t\t\t\t\t<\/span>\n\t\t\t\t\t\t\t\t\t\t<span class=\"elementor-icon-list-text\">200+ cartographies de contraintes r\u00e9siduelles<\/span>\n\t\t\t\t\t\t\t\t\t<\/li>\n\t\t\t\t\t\t\t\t<li class=\"elementor-icon-list-item\">\n\t\t\t\t\t\t\t\t\t\t\t<span class=\"elementor-icon-list-icon\">\n\t\t\t\t\t\t\t<svg aria-hidden=\"true\" class=\"e-font-icon-svg e-fas-business-time\" viewBox=\"0 0 640 512\" xmlns=\"http:\/\/www.w3.org\/2000\/svg\"><path d=\"M496 224c-79.59 0-144 64.41-144 144s64.41 144 144 144 144-64.41 144-144-64.41-144-144-144zm64 150.29c0 5.34-4.37 9.71-9.71 9.71h-60.57c-5.34 0-9.71-4.37-9.71-9.71v-76.57c0-5.34 4.37-9.71 9.71-9.71h12.57c5.34 0 9.71 4.37 9.71 9.71V352h38.29c5.34 0 9.71 4.37 9.71 9.71v12.58zM496 192c5.4 0 10.72.33 16 .81V144c0-25.6-22.4-48-48-48h-80V48c0-25.6-22.4-48-48-48H176c-25.6 0-48 22.4-48 48v48H48c-25.6 0-48 22.4-48 48v80h395.12c28.6-20.09 63.35-32 100.88-32zM320 96H192V64h128v32zm6.82 224H208c-8.84 0-16-7.16-16-16v-48H0v144c0 25.6 22.4 48 48 48h291.43C327.1 423.96 320 396.82 320 368c0-16.66 2.48-32.72 6.82-48z\"><\/path><\/svg>\t\t\t\t\t\t<\/span>\n\t\t\t\t\t\t\t\t\t\t<span class=\"elementor-icon-list-text\">6 ans de mesures sur tout type de g\u00e9om\u00e9trie, de proc\u00e9d\u00e9s et de mat\u00e9riaux m\u00e9talliques<\/span>\n\t\t\t\t\t\t\t\t\t<\/li>\n\t\t\t\t\t\t<\/ul>\n\t\t\t\t\t\t<\/div>\n\t\t\t\t<\/div>\n\t\t\t\t<\/div>\n\t\t\t\t\t<\/div>\n\t\t\t\t<\/div>\n\t\t<div class=\"elementor-element elementor-element-1a607d4 e-flex e-con-boxed e-con e-parent\" data-id=\"1a607d4\" data-element_type=\"container\" data-e-type=\"container\">\n\t\t\t\t\t<div class=\"e-con-inner\">\n\t\t<div class=\"elementor-element elementor-element-8462a6b e-con-full e-flex e-con e-child\" data-id=\"8462a6b\" data-element_type=\"container\" data-e-type=\"container\">\n\t\t\t\t<div class=\"elementor-element elementor-element-52a81a5 elementor-widget elementor-widget-heading\" data-id=\"52a81a5\" data-element_type=\"widget\" data-e-type=\"widget\" data-widget_type=\"heading.default\">\n\t\t\t\t<div class=\"elementor-widget-container\">\n\t\t\t\t\t<h2 class=\"elementor-heading-title elementor-size-default\"><h2>Une \u00e9quipe pour garantir la qualit\u00e9 des mesures<\/h2><\/h2>\t\t\t\t<\/div>\n\t\t\t\t<\/div>\n\t\t\t\t<\/div>\n\t\t<div class=\"elementor-element elementor-element-ae550c0 e-con-full e-flex e-con e-child\" data-id=\"ae550c0\" data-element_type=\"container\" data-e-type=\"container\">\n\t\t\t\t<div class=\"elementor-element elementor-element-4548514 elementor-widget elementor-widget-text-editor\" data-id=\"4548514\" data-element_type=\"widget\" data-e-type=\"widget\" data-widget_type=\"text-editor.default\">\n\t\t\t\t<div class=\"elementor-widget-container\">\n\t\t\t\t\t\t\t\t\t<h6>Dr.-Ing. Renaud Frappier (Polytech Nantes)<\/h6><p>Renaud avec plus de 10 ans d&#8217;exp\u00e9rience dans le domaine de la m\u00e9tallurgie est expert en mesures des contraintes r\u00e9siduelles. Il a r\u00e9alis\u00e9 diff\u00e9rents projets d&#8217;expertise avec diff\u00e9rentes m\u00e9thodes (Trou incr\u00e9mental, Diffraction par Rayons X, Contour &#8230;) Il est en charge de la partie exp\u00e9rimentale de la m\u00e9thode du Contour.<\/p>\t\t\t\t\t\t\t\t<\/div>\n\t\t\t\t<\/div>\n\t\t\t\t<\/div>\n\t\t<div class=\"elementor-element elementor-element-39a7778 e-con-full e-flex e-con e-child\" data-id=\"39a7778\" data-element_type=\"container\" data-e-type=\"container\">\n\t\t\t\t<div class=\"elementor-element elementor-element-38495db elementor-widget elementor-widget-image\" data-id=\"38495db\" data-element_type=\"widget\" data-e-type=\"widget\" data-widget_type=\"image.default\">\n\t\t\t\t<div class=\"elementor-widget-container\">\n\t\t\t\t\t\t\t\t\t\t\t\t\t\t\t<img decoding=\"async\" width=\"150\" height=\"150\" src=\"https:\/\/www.methode-du-contour.fr\/wp-content\/uploads\/2025\/01\/pic_renaud-150x150.png\" class=\"attachment-thumbnail size-thumbnail wp-image-259\" alt=\"\" \/>\t\t\t\t\t\t\t\t\t\t\t\t\t\t\t<\/div>\n\t\t\t\t<\/div>\n\t\t\t\t<\/div>\n\t\t<div class=\"elementor-element elementor-element-73065ab e-con-full e-flex e-con e-child\" data-id=\"73065ab\" data-element_type=\"container\" data-e-type=\"container\">\n\t\t\t\t<div class=\"elementor-element elementor-element-4ea61b6 elementor-widget elementor-widget-text-editor\" data-id=\"4ea61b6\" data-element_type=\"widget\" data-e-type=\"widget\" data-widget_type=\"text-editor.default\">\n\t\t\t\t<div class=\"elementor-widget-container\">\n\t\t\t\t\t\t\t\t\t<h6>Ing. Julian Card-Souchard (Centrale Nantes)<\/h6><p>Julian est ing\u00e9nieur calcul et d\u00e9veloppeur de logiciels scientifiques. Il d\u00e9veloppe les solutions logicielles Mat-In-M\u00e9ca pour traiter les donn\u00e9es exp\u00e9rimentales et r\u00e9alise les calculs. Il int\u00e8gre les nouveaut\u00e9s issues de la recherche et des demandes clients (export de donn\u00e9es, visuels). Il est en charge de la partie num\u00e9rique de la m\u00e9thode du Contour.<\/p>\t\t\t\t\t\t\t\t<\/div>\n\t\t\t\t<\/div>\n\t\t\t\t<\/div>\n\t\t<div class=\"elementor-element elementor-element-f711f17 e-con-full e-flex e-con e-child\" data-id=\"f711f17\" data-element_type=\"container\" data-e-type=\"container\">\n\t\t\t\t<div class=\"elementor-element elementor-element-7503058 elementor-widget elementor-widget-image\" data-id=\"7503058\" data-element_type=\"widget\" data-e-type=\"widget\" data-widget_type=\"image.default\">\n\t\t\t\t<div class=\"elementor-widget-container\">\n\t\t\t\t\t\t\t\t\t\t\t\t\t\t\t<img decoding=\"async\" width=\"150\" height=\"150\" src=\"https:\/\/www.methode-du-contour.fr\/wp-content\/uploads\/2025\/01\/pic_jul-150x150.png\" class=\"attachment-thumbnail size-thumbnail wp-image-258\" alt=\"\" srcset=\"https:\/\/www.methode-du-contour.fr\/wp-content\/uploads\/2025\/01\/pic_jul-150x150.png 150w, https:\/\/www.methode-du-contour.fr\/wp-content\/uploads\/2025\/01\/pic_jul.png 200w\" sizes=\"(max-width: 150px) 100vw, 150px\" \/>\t\t\t\t\t\t\t\t\t\t\t\t\t\t\t<\/div>\n\t\t\t\t<\/div>\n\t\t\t\t<\/div>\n\t\t\t\t\t<\/div>\n\t\t\t\t<\/div>\n\t\t\t\t<\/div>\n\t\t","protected":false},"excerpt":{"rendered":"<p>La M\u00e9thode du Contour, une prestation de la soci\u00e9t\u00e9 Mat-In-M\u00e9ca La m\u00e9thode du contour en France depuis 2019 Mat-In-M\u00e9ca, conseils et expertise en m\u00e9tallurgie et proc\u00e9d\u00e9s Pionni\u00e8re en France pour le calcul des contraintes r\u00e9siduelles par la m\u00e9thode du Contour, Mat-In-M\u00e9ca accompagne clients acad\u00e9miques et industriels dans leurs projets de recherche. Avec ses deux experts [&hellip;]<\/p>\n","protected":false},"author":1,"featured_media":0,"parent":0,"menu_order":0,"comment_status":"closed","ping_status":"closed","template":"","meta":{"footnotes":""},"class_list":["post-715","page","type-page","status-publish","hentry"],"yoast_head":"<!-- This site is optimized with the Yoast SEO plugin v24.6 - https:\/\/yoast.com\/wordpress\/plugins\/seo\/ -->\n<title>A propos de Mat-In-M\u00e9ca - Mesure des Contraintes R\u00e9siduelles avec la M\u00e9thode du Contour<\/title>\n<meta name=\"robots\" content=\"index, follow, max-snippet:-1, max-image-preview:large, max-video-preview:-1\" \/>\n<link rel=\"canonical\" href=\"https:\/\/www.methode-du-contour.fr\/index.php\/a-propos-de-mat-in-meca\/\" \/>\n<meta property=\"og:locale\" content=\"en_US\" \/>\n<meta property=\"og:type\" content=\"article\" \/>\n<meta property=\"og:title\" content=\"A propos de Mat-In-M\u00e9ca - Mesure des Contraintes R\u00e9siduelles avec la M\u00e9thode du Contour\" \/>\n<meta property=\"og:description\" content=\"La M\u00e9thode du Contour, une prestation de la soci\u00e9t\u00e9 Mat-In-M\u00e9ca La m\u00e9thode du contour en France depuis 2019 Mat-In-M\u00e9ca, conseils et expertise en m\u00e9tallurgie et proc\u00e9d\u00e9s Pionni\u00e8re en France pour le calcul des contraintes r\u00e9siduelles par la m\u00e9thode du Contour, Mat-In-M\u00e9ca accompagne clients acad\u00e9miques et industriels dans leurs projets de recherche. Avec ses deux experts [&hellip;]\" \/>\n<meta property=\"og:url\" content=\"https:\/\/www.methode-du-contour.fr\/index.php\/a-propos-de-mat-in-meca\/\" \/>\n<meta property=\"og:site_name\" content=\"Mesure des Contraintes R\u00e9siduelles avec la M\u00e9thode du Contour\" \/>\n<meta property=\"article:modified_time\" content=\"2025-03-17T18:06:18+00:00\" \/>\n<meta property=\"og:image\" content=\"https:\/\/www.methode-du-contour.fr\/wp-content\/uploads\/2025\/01\/pic_renaud.png\" \/>\n\t<meta property=\"og:image:width\" content=\"243\" \/>\n\t<meta property=\"og:image:height\" content=\"239\" \/>\n\t<meta property=\"og:image:type\" content=\"image\/png\" \/>\n<meta name=\"twitter:card\" content=\"summary_large_image\" \/>\n<meta name=\"twitter:label1\" content=\"Est. reading time\" \/>\n\t<meta name=\"twitter:data1\" content=\"2 minutes\" \/>\n<script type=\"application\/ld+json\" class=\"yoast-schema-graph\">{\"@context\":\"https:\/\/schema.org\",\"@graph\":[{\"@type\":\"WebPage\",\"@id\":\"https:\/\/www.methode-du-contour.fr\/index.php\/a-propos-de-mat-in-meca\/\",\"url\":\"https:\/\/www.methode-du-contour.fr\/index.php\/a-propos-de-mat-in-meca\/\",\"name\":\"A propos de Mat-In-M\u00e9ca - Mesure des Contraintes R\u00e9siduelles avec la M\u00e9thode du Contour\",\"isPartOf\":{\"@id\":\"https:\/\/www.methode-du-contour.fr\/#website\"},\"primaryImageOfPage\":{\"@id\":\"https:\/\/www.methode-du-contour.fr\/index.php\/a-propos-de-mat-in-meca\/#primaryimage\"},\"image\":{\"@id\":\"https:\/\/www.methode-du-contour.fr\/index.php\/a-propos-de-mat-in-meca\/#primaryimage\"},\"thumbnailUrl\":\"https:\/\/www.methode-du-contour.fr\/wp-content\/uploads\/2025\/01\/pic_renaud-150x150.png\",\"datePublished\":\"2025-02-16T15:07:40+00:00\",\"dateModified\":\"2025-03-17T18:06:18+00:00\",\"breadcrumb\":{\"@id\":\"https:\/\/www.methode-du-contour.fr\/index.php\/a-propos-de-mat-in-meca\/#breadcrumb\"},\"inLanguage\":\"en-US\",\"potentialAction\":[{\"@type\":\"ReadAction\",\"target\":[\"https:\/\/www.methode-du-contour.fr\/index.php\/a-propos-de-mat-in-meca\/\"]}]},{\"@type\":\"ImageObject\",\"inLanguage\":\"en-US\",\"@id\":\"https:\/\/www.methode-du-contour.fr\/index.php\/a-propos-de-mat-in-meca\/#primaryimage\",\"url\":\"https:\/\/www.methode-du-contour.fr\/wp-content\/uploads\/2025\/01\/pic_renaud.png\",\"contentUrl\":\"https:\/\/www.methode-du-contour.fr\/wp-content\/uploads\/2025\/01\/pic_renaud.png\",\"width\":243,\"height\":239},{\"@type\":\"BreadcrumbList\",\"@id\":\"https:\/\/www.methode-du-contour.fr\/index.php\/a-propos-de-mat-in-meca\/#breadcrumb\",\"itemListElement\":[{\"@type\":\"ListItem\",\"position\":1,\"name\":\"Home\",\"item\":\"https:\/\/www.methode-du-contour.fr\/\"},{\"@type\":\"ListItem\",\"position\":2,\"name\":\"A propos de Mat-In-M\u00e9ca\"}]},{\"@type\":\"WebSite\",\"@id\":\"https:\/\/www.methode-du-contour.fr\/#website\",\"url\":\"https:\/\/www.methode-du-contour.fr\/\",\"name\":\"Mesure des Contraintes R\u00e9siduelles avec la M\u00e9thode du Contour\",\"description\":\"Une m\u00e9thode pr\u00e9cise, fiable et compl\u00e8te pour vos besoins industriels\",\"potentialAction\":[{\"@type\":\"SearchAction\",\"target\":{\"@type\":\"EntryPoint\",\"urlTemplate\":\"https:\/\/www.methode-du-contour.fr\/?s={search_term_string}\"},\"query-input\":{\"@type\":\"PropertyValueSpecification\",\"valueRequired\":true,\"valueName\":\"search_term_string\"}}],\"inLanguage\":\"en-US\"}]}<\/script>\n<!-- \/ Yoast SEO plugin. -->","yoast_head_json":{"title":"A propos de Mat-In-M\u00e9ca - Mesure des Contraintes R\u00e9siduelles avec la M\u00e9thode du Contour","robots":{"index":"index","follow":"follow","max-snippet":"max-snippet:-1","max-image-preview":"max-image-preview:large","max-video-preview":"max-video-preview:-1"},"canonical":"https:\/\/www.methode-du-contour.fr\/index.php\/a-propos-de-mat-in-meca\/","og_locale":"en_US","og_type":"article","og_title":"A propos de Mat-In-M\u00e9ca - Mesure des Contraintes R\u00e9siduelles avec la M\u00e9thode du Contour","og_description":"La M\u00e9thode du Contour, une prestation de la soci\u00e9t\u00e9 Mat-In-M\u00e9ca La m\u00e9thode du contour en France depuis 2019 Mat-In-M\u00e9ca, conseils et expertise en m\u00e9tallurgie et proc\u00e9d\u00e9s Pionni\u00e8re en France pour le calcul des contraintes r\u00e9siduelles par la m\u00e9thode du Contour, Mat-In-M\u00e9ca accompagne clients acad\u00e9miques et industriels dans leurs projets de recherche. Avec ses deux experts [&hellip;]","og_url":"https:\/\/www.methode-du-contour.fr\/index.php\/a-propos-de-mat-in-meca\/","og_site_name":"Mesure des Contraintes R\u00e9siduelles avec la M\u00e9thode du Contour","article_modified_time":"2025-03-17T18:06:18+00:00","og_image":[{"width":243,"height":239,"url":"https:\/\/www.methode-du-contour.fr\/wp-content\/uploads\/2025\/01\/pic_renaud.png","type":"image\/png"}],"twitter_card":"summary_large_image","twitter_misc":{"Est. reading time":"2 minutes"},"schema":{"@context":"https:\/\/schema.org","@graph":[{"@type":"WebPage","@id":"https:\/\/www.methode-du-contour.fr\/index.php\/a-propos-de-mat-in-meca\/","url":"https:\/\/www.methode-du-contour.fr\/index.php\/a-propos-de-mat-in-meca\/","name":"A propos de Mat-In-M\u00e9ca - Mesure des Contraintes R\u00e9siduelles avec la M\u00e9thode du Contour","isPartOf":{"@id":"https:\/\/www.methode-du-contour.fr\/#website"},"primaryImageOfPage":{"@id":"https:\/\/www.methode-du-contour.fr\/index.php\/a-propos-de-mat-in-meca\/#primaryimage"},"image":{"@id":"https:\/\/www.methode-du-contour.fr\/index.php\/a-propos-de-mat-in-meca\/#primaryimage"},"thumbnailUrl":"https:\/\/www.methode-du-contour.fr\/wp-content\/uploads\/2025\/01\/pic_renaud-150x150.png","datePublished":"2025-02-16T15:07:40+00:00","dateModified":"2025-03-17T18:06:18+00:00","breadcrumb":{"@id":"https:\/\/www.methode-du-contour.fr\/index.php\/a-propos-de-mat-in-meca\/#breadcrumb"},"inLanguage":"en-US","potentialAction":[{"@type":"ReadAction","target":["https:\/\/www.methode-du-contour.fr\/index.php\/a-propos-de-mat-in-meca\/"]}]},{"@type":"ImageObject","inLanguage":"en-US","@id":"https:\/\/www.methode-du-contour.fr\/index.php\/a-propos-de-mat-in-meca\/#primaryimage","url":"https:\/\/www.methode-du-contour.fr\/wp-content\/uploads\/2025\/01\/pic_renaud.png","contentUrl":"https:\/\/www.methode-du-contour.fr\/wp-content\/uploads\/2025\/01\/pic_renaud.png","width":243,"height":239},{"@type":"BreadcrumbList","@id":"https:\/\/www.methode-du-contour.fr\/index.php\/a-propos-de-mat-in-meca\/#breadcrumb","itemListElement":[{"@type":"ListItem","position":1,"name":"Home","item":"https:\/\/www.methode-du-contour.fr\/"},{"@type":"ListItem","position":2,"name":"A propos de Mat-In-M\u00e9ca"}]},{"@type":"WebSite","@id":"https:\/\/www.methode-du-contour.fr\/#website","url":"https:\/\/www.methode-du-contour.fr\/","name":"Mesure des Contraintes R\u00e9siduelles avec la M\u00e9thode du Contour","description":"Une m\u00e9thode pr\u00e9cise, fiable et compl\u00e8te pour vos besoins industriels","potentialAction":[{"@type":"SearchAction","target":{"@type":"EntryPoint","urlTemplate":"https:\/\/www.methode-du-contour.fr\/?s={search_term_string}"},"query-input":{"@type":"PropertyValueSpecification","valueRequired":true,"valueName":"search_term_string"}}],"inLanguage":"en-US"}]}},"_links":{"self":[{"href":"https:\/\/www.methode-du-contour.fr\/index.php\/wp-json\/wp\/v2\/pages\/715","targetHints":{"allow":["GET"]}}],"collection":[{"href":"https:\/\/www.methode-du-contour.fr\/index.php\/wp-json\/wp\/v2\/pages"}],"about":[{"href":"https:\/\/www.methode-du-contour.fr\/index.php\/wp-json\/wp\/v2\/types\/page"}],"author":[{"embeddable":true,"href":"https:\/\/www.methode-du-contour.fr\/index.php\/wp-json\/wp\/v2\/users\/1"}],"replies":[{"embeddable":true,"href":"https:\/\/www.methode-du-contour.fr\/index.php\/wp-json\/wp\/v2\/comments?post=715"}],"version-history":[{"count":31,"href":"https:\/\/www.methode-du-contour.fr\/index.php\/wp-json\/wp\/v2\/pages\/715\/revisions"}],"predecessor-version":[{"id":935,"href":"https:\/\/www.methode-du-contour.fr\/index.php\/wp-json\/wp\/v2\/pages\/715\/revisions\/935"}],"wp:attachment":[{"href":"https:\/\/www.methode-du-contour.fr\/index.php\/wp-json\/wp\/v2\/media?parent=715"}],"curies":[{"name":"wp","href":"https:\/\/api.w.org\/{rel}","templated":true}]}}